{"id":1322,"date":"2022-02-24T05:02:56","date_gmt":"2022-02-24T05:02:56","guid":{"rendered":"https:\/\/ciberbullying.situada.online\/index.php\/home\/"},"modified":"2024-09-14T02:12:28","modified_gmt":"2024-09-14T00:12:28","slug":"inicio","status":"publish","type":"page","link":"https:\/\/ciberbullying.situada.online\/en\/","title":{"rendered":"Home"},"content":{"rendered":"<div class=\"wp-block-uagb-container uagb-block-0cf965b5 alignfull uagb-is-root-container\"><div class=\"uagb-container-inner-blocks-wrap\">\n<div class=\"wp-block-uagb-advanced-heading uagb-block-72cf48f8\"><h1 class=\"uagb-heading-text\">Cyberbullying<\/h1><\/div>\n\n\n\n<div class=\"wp-block-uagb-advanced-heading uagb-block-07350a9c\"><h2 class=\"uagb-heading-text\">Linguistic Challenges in the Detection of Digital Violence in Latin America and the Caribbean<\/h2><\/div>\n<\/div><\/div>\n\n\n\n<div class=\"wp-block-uagb-container uagb-block-5fcee4f8 alignfull uagb-is-root-container\"><div class=\"uagb-container-inner-blocks-wrap\">\n<div class=\"wp-block-uagb-advanced-heading uagb-block-2b5f3149\"><h2 class=\"uagb-heading-text\">Promoting inclusive digital security through artificial intelligence powered detection<\/h2><div class=\"uagb-separator\"><\/div><\/div>\n\n\n\n<div class=\"wp-block-uagb-advanced-heading uagb-block-34624007\"><h2 class=\"uagb-heading-text\">This research addresses cyberbullying detection on Twitter, focusing on Peruvian Spanish, by creating a dataset and comparing four machine-learning models. With a comprehensive approach, it seeks to overcome the lack of studies focused on the linguistic particularities of Latin America and the Caribbean. Its objective is to provide results that contribute to developing more effective strategies to combat cyberbullying in the region.<\/h2><\/div>\n\n\n\n<div style=\"height:100px\" aria-hidden=\"true\" class=\"wp-block-spacer\"><\/div>\n\n\n\n<div class=\"wp-block-uagb-container uagb-block-ed2081ea\">\n<div class=\"wp-block-uagb-container uagb-block-4eeee70a\">\n<div class=\"wp-block-uagb-info-box uagb-block-56d081d1 uagb-infobox__content-wrap  uagb-infobox-icon-above-title uagb-infobox-image-valign-top\"><div class=\"uagb-ifb-content\"><div class=\"uagb-ifb-image-content\"><img decoding=\"async\" src=\"https:\/\/ciberbullying.situada.online\/wp-content\/uploads\/2024\/03\/mujer-atractiva-que-trabaja-aplicacion-software-programacion-mujer-joven-codificando-revisando-su-trabajo-computadora-scaled-e1709765579452-919x1024.jpg\" alt=\"\" width=\"919\" height=\"1024\" loading=\"lazy\"\/><\/div><div class=\"uagb-ifb-title-wrap\"><h1 class=\"uagb-ifb-title\"><strong>A Comparison of Classification Models to Detect Cyberbullying in the Peruvian Spanish Language on Twitter<\/strong><\/h1><\/div><p class=\"uagb-ifb-desc\">This study compares four machine-learning models for cyberbullying detection on Twitter, specifically focusing on Peruvian Spanish. It uses a specially designed dataset for training these models and presents detailed results on each model's performance and ability to identify cyberbullying.<br><br><br><br><\/p><div class=\"uagb-ifb-button-wrapper wp-block-button\"><a href=\"https:\/\/ciberbullying.situada.online\/en\/proyecto\/comparativademodelosdemachinelearning\/\" class=\"uagb-infobox-cta-link wp-block-button__link\" target=\"_self\" rel=\"noopener noreferrer\" onclick=\"return true;\" alt=\"\"><span class=\"uagb-inline-editing\">Read More<\/span><svg xmlns=\"https:\/\/www.w3.org\/2000\/svg\" viewbox=\"0 0 512 512\"><path d=\"M504.3 273.6l-112.1 104c-6.992 6.484-17.18 8.218-25.94 4.406c-8.758-3.812-14.42-12.45-14.42-21.1L351.9 288H32C14.33 288 .0002 273.7 .0002 255.1S14.33 224 32 224h319.9l0-72c0-9.547 5.66-18.19 14.42-22c8.754-3.809 18.95-2.075 25.94 4.41l112.1 104C514.6 247.9 514.6 264.1 504.3 273.6z\"><\/path><\/svg><\/a><\/div><\/div><\/div>\n<\/div>\n\n\n\n<div class=\"wp-block-uagb-container uagb-block-de9dc289\">\n<div class=\"wp-block-uagb-info-box uagb-block-b483e0d5 uagb-infobox__content-wrap  uagb-infobox-icon-above-title uagb-infobox-image-valign-top\"><div class=\"uagb-ifb-content\"><div class=\"uagb-ifb-image-content\"><img decoding=\"async\" src=\"https:\/\/ciberbullying.situada.online\/wp-content\/uploads\/2024\/03\/Imagen_manual--scaled-e1709781808403-921x1024.jpg\" alt=\"\" width=\"921\" height=\"1024\" loading=\"lazy\"\/><\/div><div class=\"uagb-ifb-title-wrap\"><h3 class=\"uagb-ifb-title\"><strong>Manual: Creation and Validation of a Dataset for the Detection <strong>Cyberbullying <\/strong>in the Peruvian Spanish Language<\/strong><\/h3><\/div><p class=\"uagb-ifb-desc\">This manual addresses the linguistic challenges associated with creating data to address social problems in the digital environment of the region, particularly in Peruvian Spanish. It describes in detail the process of creating and validating a specific dataset for this task, facing the complexities of the regional language. In addition, it provides a thorough explanation of data pre-processing using natural language processing techniques to improve detection efficiency.<br><br><\/p><div class=\"uagb-ifb-button-wrapper wp-block-button\"><a href=\"https:\/\/ciberbullying.situada.online\/en\/proyecto\/manualcreacionyvalidaciondeundataset\/\" class=\"uagb-infobox-cta-link wp-block-button__link\" target=\"_self\" rel=\"noopener noreferrer\" onclick=\"return true;\" alt=\"\"><span class=\"uagb-inline-editing\">Read More<\/span><svg xmlns=\"https:\/\/www.w3.org\/2000\/svg\" viewbox=\"0 0 512 512\"><path d=\"M504.3 273.6l-112.1 104c-6.992 6.484-17.18 8.218-25.94 4.406c-8.758-3.812-14.42-12.45-14.42-21.1L351.9 288H32C14.33 288 .0002 273.7 .0002 255.1S14.33 224 32 224h319.9l0-72c0-9.547 5.66-18.19 14.42-22c8.754-3.809 18.95-2.075 25.94 4.41l112.1 104C514.6 247.9 514.6 264.1 504.3 273.6z\"><\/path><\/svg><\/a><\/div><\/div><\/div>\n<\/div>\n<\/div>\n<\/div><\/div>\n\n\n\n<div class=\"wp-block-uagb-container uagb-block-fb32e4bf alignfull uagb-is-root-container\"><div class=\"uagb-container-inner-blocks-wrap\">\n<div class=\"wp-block-uagb-testimonial uagb-slick-carousel uagb-tm__arrow-outside uagb-block-9c9f7caf uagb-post__carousel_notset uagb-post__carousel_notset-tablet uagb-post__carousel_notset-mobile\"><div class=\"is-carousel uagb-tm__columns-1 uagb-tm__items\"><div class=\"uagb-testimonial__wrap  uagb-tm__imgicon-style-circle uagb-tm__image-position-top uagb-tm__bg-type-none\"><div class=\"uagb-tm__content\"><div class=\"uagb-tm__overlay\"><\/div><div class=\"uagb-tm__image-content\"><div class=\"uagb-tm__image\"><img decoding=\"async\" class=\"uagb-tm-img-src\" src=\"https:\/\/ciberbullying.situada.online\/wp-content\/uploads\/2024\/03\/Logo_ciberbullying-150x150.png\" alt=\"\" width=\"80\" height=\"80\" loading=\"lazy\"\/><\/div><\/div><div class=\"uagb-tm__text-wrap\"><div class=\"uagb-tm__desc\">Cyberbullying detection as a protective measure strengthens safety and fairness in existing ALAC online communities<\/div><div class=\"uagb-tm__meta-inner\"><div class=\"uagb-testimonial-details\"><span class=\"uagb-tm__author-name\"><\/span><span class=\"uagb-tm__company\"><\/span><\/div><\/div><\/div><\/div><\/div><\/div><\/div>\n<\/div><\/div>\n\n\n\n<div class=\"wp-block-uagb-container uagb-block-f3942af0 alignfull uagb-is-root-container\"><div class=\"uagb-container-inner-blocks-wrap\">\n<div class=\"wp-block-uagb-container uagb-block-bcac75b1\">\n<div class=\"wp-block-uagb-info-box uagb-block-a01009d9 uagb-infobox__content-wrap  uagb-infobox-icon-above-title uagb-infobox-image-valign-top\"><div class=\"uagb-ifb-content\"><div class=\"uagb-ifb-title-wrap\"><span class=\"uagb-ifb-title-prefix\">About the Project<\/span><h4 class=\"uagb-ifb-title\"><strong>Overcoming Linguistic Barriers in the Detection of Cyberbullying at LAC<\/strong><\/h4><\/div><p class=\"uagb-ifb-desc\">This project explores the complexities of cyberbullying in the context of Peru, highlighting its social and cultural impacts. It examines how regional linguistic dynamics influence cyberbullying detection on platforms such as Twitter and proposes strategies to address this problem. By analyzing online interactions, it seeks to promote awareness and prevention, fostering safer and more equitable digital environments.<\/p><div class=\"uagb-ifb-button-wrapper wp-block-button\"><a href=\"https:\/\/ciberbullying.situada.online\/en\/proyecto\/\" class=\"uagb-infobox-cta-link wp-block-button__link\" target=\"_self\" rel=\"noopener noreferrer\" onclick=\"return true;\" alt=\"\"><span class=\"uagb-inline-editing\">Read More<\/span><svg xmlns=\"https:\/\/www.w3.org\/2000\/svg\" viewbox=\"0 0 448 512\"><path d=\"M438.6 278.6l-160 160C272.4 444.9 264.2 448 256 448s-16.38-3.125-22.62-9.375c-12.5-12.5-12.5-32.75 0-45.25L338.8 288H32C14.33 288 .0016 273.7 .0016 256S14.33 224 32 224h306.8l-105.4-105.4c-12.5-12.5-12.5-32.75 0-45.25s32.75-12.5 45.25 0l160 160C451.1 245.9 451.1 266.1 438.6 278.6z\"><\/path><\/svg><\/a><\/div><\/div><\/div>\n<\/div>\n\n\n\n<div class=\"wp-block-uagb-container uagb-block-0408e4b0\">\n<div class=\"wp-block-uagb-image uagb-block-db147eec wp-block-uagb-image--layout-default wp-block-uagb-image--effect-static wp-block-uagb-image--align-none\"><figure class=\"wp-block-uagb-image__figure\"><img decoding=\"async\" srcset=\"https:\/\/ciberbullying.situada.online\/wp-content\/uploads\/2024\/03\/Imagen_proyecto-1-scaled-e1709763623175-966x1024.jpg ,https:\/\/ciberbullying.situada.online\/wp-content\/uploads\/2024\/03\/Imagen_proyecto-1-scaled-e1709763623175.jpg 780w, https:\/\/ciberbullying.situada.online\/wp-content\/uploads\/2024\/03\/Imagen_proyecto-1-scaled-e1709763623175.jpg 360w\" sizes=\"(max-width: 480px) 150px\" src=\"https:\/\/ciberbullying.situada.online\/wp-content\/uploads\/2024\/03\/Imagen_proyecto-1-scaled-e1709763623175-966x1024.jpg\" alt=\"\" class=\"uag-image-1894\" width=\"966\" height=\"1024\" title=\"Close up of womanworking with her laptop at cafe. Hipster girl w\" loading=\"lazy\"\/><\/figure><\/div>\n<\/div>\n<\/div><\/div>\n\n\n\n<div class=\"wp-block-uagb-container uagb-block-05a4a518 alignfull uagb-is-root-container\"><div class=\"uagb-container-inner-blocks-wrap\">\n<div class=\"wp-block-uagb-info-box uagb-block-9a97965e uagb-infobox__content-wrap  uagb-infobox-icon-above-title uagb-infobox-image-valign-top\"><div class=\"uagb-ifb-content\"><div class=\"uagb-ifb-title-wrap\"><h1 class=\"uagb-ifb-title\">situada.online<\/h1><\/div><p class=\"uagb-ifb-desc\">From a critical perspective, we explore and question the power dynamics in technology in Latin America and the Caribbean, seeking to transform them towards a more socially just world.<\/p><div class=\"uagb-ifb-button-wrapper wp-block-button\"><a href=\"https:\/\/situada.online\/\" class=\"uagb-infobox-cta-link wp-block-button__link\" target=\"_blank\" rel=\"noopener noreferrer\" onclick=\"return true;\" alt=\"\"><span class=\"uagb-inline-editing\">Read More<\/span><svg xmlns=\"https:\/\/www.w3.org\/2000\/svg\" viewbox=\"0 0 448 512\"><path d=\"M438.6 278.6l-160 160C272.4 444.9 264.2 448 256 448s-16.38-3.125-22.62-9.375c-12.5-12.5-12.5-32.75 0-45.25L338.8 288H32C14.33 288 .0016 273.7 .0016 256S14.33 224 32 224h306.8l-105.4-105.4c-12.5-12.5-12.5-32.75 0-45.25s32.75-12.5 45.25 0l160 160C451.1 245.9 451.1 266.1 438.6 278.6z\"><\/path><\/svg><\/a><\/div><\/div><\/div>\n<\/div><\/div>","protected":false},"excerpt":{"rendered":"<p>Ciberbullying Desaf\u00edos Ling\u00fc\u00edsticos en la Detecci\u00f3n de Violencia Digital en Am\u00e9rica Latina y el Caribe Promoviendo la seguridad digital a trav\u00e9s de la detecci\u00f3n con inteligencia artificial Esta investigaci\u00f3n aborda la detecci\u00f3n de ciberbullying en Twitter, enfocado en el espa\u00f1ol peruano, mediante la creaci\u00f3n de un dataset y la comparaci\u00f3n de cuatro modelos de machine [&hellip;]<\/p>","protected":false},"author":1,"featured_media":0,"parent":0,"menu_order":0,"comment_status":"closed","ping_status":"closed","template":"","meta":{"_uag_custom_page_level_css":"","site-sidebar-layout":"no-sidebar","site-content-layout":"page-builder","ast-site-content-layout":"full-width-container","site-content-style":"unboxed","site-sidebar-style":"unboxed","ast-global-header-display":"","ast-banner-title-visibility":"","ast-main-header-display":"","ast-hfb-above-header-display":"","ast-hfb-below-header-display":"","ast-hfb-mobile-header-display":"","site-post-title":"disabled","ast-breadcrumbs-content":"","ast-featured-img":"disabled","footer-sml-layout":"","theme-transparent-header-meta":"enabled","adv-header-id-meta":"","stick-header-meta":"","header-above-stick-meta":"","header-main-stick-meta":"","header-below-stick-meta":"","astra-migrate-meta-layouts":"set","ast-page-background-enabled":"default","ast-page-background-meta":{"desktop":{"background-color":"var(--ast-global-color-4)","background-image":"","background-repeat":"repeat","background-position":"center center","background-size":"auto","background-attachment":"scroll","background-type":"","background-media":"","overlay-type":"","overlay-color":"","overlay-gradient":""},"tablet":{"background-color":"","background-image":"","background-repeat":"repeat","background-position":"center center","background-size":"auto","background-attachment":"scroll","background-type":"","background-media":"","overlay-type":"","overlay-color":"","overlay-gradient":""},"mobile":{"background-color":"","background-image":"","background-repeat":"repeat","background-position":"center center","background-size":"auto","background-attachment":"scroll","background-type":"","background-media":"","overlay-type":"","overlay-color":"","overlay-gradient":""}},"ast-content-background-meta":{"desktop":{"background-color":"var(--ast-global-color-5)","background-image":"","background-repeat":"repeat","background-position":"center center","background-size":"auto","background-attachment":"scroll","background-type":"","background-media":"","overlay-type":"","overlay-color":"","overlay-gradient":""},"tablet":{"background-color":"var(--ast-global-color-5)","background-image":"","background-repeat":"repeat","background-position":"center center","background-size":"auto","background-attachment":"scroll","background-type":"","background-media":"","overlay-type":"","overlay-color":"","overlay-gradient":""},"mobile":{"background-color":"var(--ast-global-color-5)","background-image":"","background-repeat":"repeat","background-position":"center center","background-size":"auto","background-attachment":"scroll","background-type":"","background-media":"","overlay-type":"","overlay-color":"","overlay-gradient":""}},"footnotes":""},"uagb_featured_image_src":{"full":false,"thumbnail":false,"medium":false,"medium_large":false,"large":false,"1536x1536":false,"2048x2048":false,"trp-custom-language-flag":false},"uagb_author_info":{"display_name":"ximenamar04","author_link":"https:\/\/ciberbullying.situada.online\/en\/author\/ximenamar04\/"},"uagb_comment_info":0,"uagb_excerpt":"Ciberbullying Desaf\u00edos Ling\u00fc\u00edsticos en la Detecci\u00f3n de Violencia Digital en Am\u00e9rica Latina y el Caribe Promoviendo la seguridad digital a trav\u00e9s de la detecci\u00f3n con inteligencia artificial Esta investigaci\u00f3n aborda la detecci\u00f3n de ciberbullying en Twitter, enfocado en el espa\u00f1ol peruano, mediante la creaci\u00f3n de un dataset y la comparaci\u00f3n de cuatro modelos de machine&hellip;","_links":{"self":[{"href":"https:\/\/ciberbullying.situada.online\/en\/wp-json\/wp\/v2\/pages\/1322"}],"collection":[{"href":"https:\/\/ciberbullying.situada.online\/en\/wp-json\/wp\/v2\/pages"}],"about":[{"href":"https:\/\/ciberbullying.situada.online\/en\/wp-json\/wp\/v2\/types\/page"}],"author":[{"embeddable":true,"href":"https:\/\/ciberbullying.situada.online\/en\/wp-json\/wp\/v2\/users\/1"}],"replies":[{"embeddable":true,"href":"https:\/\/ciberbullying.situada.online\/en\/wp-json\/wp\/v2\/comments?post=1322"}],"version-history":[{"count":82,"href":"https:\/\/ciberbullying.situada.online\/en\/wp-json\/wp\/v2\/pages\/1322\/revisions"}],"predecessor-version":[{"id":2058,"href":"https:\/\/ciberbullying.situada.online\/en\/wp-json\/wp\/v2\/pages\/1322\/revisions\/2058"}],"wp:attachment":[{"href":"https:\/\/ciberbullying.situada.online\/en\/wp-json\/wp\/v2\/media?parent=1322"}],"curies":[{"name":"wp","href":"https:\/\/api.w.org\/{rel}","templated":true}]}}