{"id":1324,"date":"2022-02-24T05:03:32","date_gmt":"2022-02-24T05:03:32","guid":{"rendered":"https:\/\/ciberbullying.situada.online\/index.php\/about\/"},"modified":"2024-03-12T02:23:12","modified_gmt":"2024-03-12T01:23:12","slug":"proyecto","status":"publish","type":"page","link":"https:\/\/ciberbullying.situada.online\/en\/proyecto\/","title":{"rendered":"About the Project"},"content":{"rendered":"<div class=\"wp-block-uagb-container uagb-block-3ad17e27 alignfull uagb-is-root-container\"><div class=\"uagb-container-inner-blocks-wrap\">\n<div class=\"wp-block-uagb-advanced-heading uagb-block-8a1eebc0\"><h1 class=\"uagb-heading-text\">About the Project<\/h1><\/div>\n<\/div><\/div>\n\n\n\n<div class=\"wp-block-uagb-container uagb-block-f8ec2bd3 alignfull uagb-is-root-container\"><div class=\"uagb-container-inner-blocks-wrap\">\n<div class=\"wp-block-uagb-info-box uagb-block-9426f7ea uagb-infobox__content-wrap  uagb-infobox-icon-above-title uagb-infobox-image-valign-top\"><div class=\"uagb-ifb-content\"><div class=\"uagb-ifb-title-wrap\"><h3 class=\"uagb-ifb-title\"><strong>Project description<\/strong><\/h3><\/div><p class=\"uagb-ifb-desc\">Este proyecto surge de la Tesis para obtener el T\u00edtulo Profesional de Ingenier\u00eda de Sistemas, titulado \u00abComparaci\u00f3n de Modelos de Clasificaci\u00f3n para detectar Ciberbullying en Twitter en el Lenguaje Espa\u00f1ol-Peruano\u00bb<br><br>This research addresses cyberbullying detection on Twitter, focusing on Peruvian Spanish, by creating a dataset and comparing four machine learning models. With a comprehensive approach, it seeks to overcome the lack of studies focused on the linguistic particularities of Latin America and the Caribbean (LAC). It aims to provide results that contribute to developing more effective strategies to combat cyberbullying in the region.<\/p><\/div><\/div>\n<\/div><\/div>\n\n\n\n<div class=\"wp-block-uagb-container uagb-block-1b567138 alignfull uagb-is-root-container\"><div class=\"uagb-container-inner-blocks-wrap\">\n<div class=\"wp-block-uagb-advanced-heading uagb-block-a93ba676\"><h2 class=\"uagb-heading-text\">Background<\/h2><\/div>\n\n\n\n<div class=\"wp-block-uagb-info-box uagb-block-82200fa1 uagb-infobox__content-wrap  uagb-infobox-icon-above-title uagb-infobox-image-valign-top\"><div class=\"uagb-ifb-content\"><div class=\"uagb-ifb-title-wrap\"><\/div><p class=\"uagb-ifb-desc\">In an increasingly digitalized context, the phenomenon of cyberbullying emerges as a significant social concern, affecting multiple groups and communities. In the case of LAC, the lack of research and the complexity of the regional language pose additional challenges in detecting and preventing cyberbullying. This project arises as a response to this problem, seeking to understand the linguistic and cultural peculiarities that influence the dynamics of cyberbullying in Peru to develop effective strategies to combat this problem and promote safer and healthier digital environments.<\/p><\/div><\/div>\n<\/div><\/div>\n\n\n\n<div class=\"wp-block-uagb-separator uagb-block-7f06ff35\"><div class=\"wp-block-uagb-separator__inner\" style=\"--my-background-image:url(&quot;data:image\/svg+xml,%3Csvg width='16' height='16' viewBox='0 0 16 16' fill='none' xmlns='http:\/\/www.w3.org\/2000\/svg'%3E%3Cpath d='M6.29312 16.9999L17 6.29302M14.2931 16.9999L17 14.293M-0.707031 15.9999L16.0002 -0.707153M8.00017 -0.707153L-0.706882 7.9999' stroke='black'\/%3E%3C\/svg%3E&quot;)\"><\/div><\/div>\n\n\n\n<div class=\"wp-block-uagb-container uagb-block-371b23a5 alignfull uagb-is-root-container\"><div class=\"uagb-container-inner-blocks-wrap\">\n<div class=\"wp-block-uagb-container uagb-block-9f0a8320\">\n<div class=\"wp-block-uagb-info-box uagb-block-68358f39 uagb-infobox__content-wrap  uagb-infobox-icon-above-title uagb-infobox-image-valign-top\"><div class=\"uagb-ifb-content\"><div class=\"uagb-ifb-icon-wrap\"><svg xmlns=\"https:\/\/www.w3.org\/2000\/svg\" viewbox=\"0 0 512 512\"><path d=\"M0 256C0 114.6 114.6 0 256 0C397.4 0 512 114.6 512 256C512 397.4 397.4 512 256 512C114.6 512 0 397.4 0 256zM371.8 211.8C382.7 200.9 382.7 183.1 371.8 172.2C360.9 161.3 343.1 161.3 332.2 172.2L224 280.4L179.8 236.2C168.9 225.3 151.1 225.3 140.2 236.2C129.3 247.1 129.3 264.9 140.2 275.8L204.2 339.8C215.1 350.7 232.9 350.7 243.8 339.8L371.8 211.8z\"><\/path><\/svg><\/div><div class=\"uagb-ifb-title-wrap\"><h3 class=\"uagb-ifb-title\"><strong>A Comparison of Classification Models to Detect Cyberbullying in the Peruvian Spanish Language on Twitter<\/strong><\/h3><\/div><p class=\"uagb-ifb-desc\">This study compares four machine-learning models for cyberbullying detection on Twitter, specifically focusing on Peruvian Spanish. It uses a specially designed dataset for training these models and presents detailed results on each model's performance and ability to identify cyberbullying.<br><br><br><\/p><div class=\"uagb-ifb-button-wrapper wp-block-button\"><a href=\"https:\/\/ciberbullying.situada.online\/en\/proyecto\/comparativademodelosdemachinelearning\/\" class=\"uagb-infobox-cta-link wp-block-button__link\" target=\"_self\" rel=\"noopener noreferrer\" onclick=\"return true;\" alt=\"\"><span class=\"uagb-inline-editing\">Read more<\/span><svg xmlns=\"https:\/\/www.w3.org\/2000\/svg\" viewbox=\"0 0 512 512\"><path d=\"M504.3 273.6l-112.1 104c-6.992 6.484-17.18 8.218-25.94 4.406c-8.758-3.812-14.42-12.45-14.42-21.1L351.9 288H32C14.33 288 .0002 273.7 .0002 255.1S14.33 224 32 224h319.9l0-72c0-9.547 5.66-18.19 14.42-22c8.754-3.809 18.95-2.075 25.94 4.41l112.1 104C514.6 247.9 514.6 264.1 504.3 273.6z\"><\/path><\/svg><\/a><\/div><\/div><\/div>\n<\/div>\n\n\n\n<div class=\"wp-block-uagb-container uagb-block-d14580fb\">\n<div class=\"wp-block-uagb-info-box uagb-block-f56b96ff uagb-infobox__content-wrap  uagb-infobox-icon-above-title uagb-infobox-image-valign-top\"><div class=\"uagb-ifb-content\"><div class=\"uagb-ifb-icon-wrap\"><svg xmlns=\"https:\/\/www.w3.org\/2000\/svg\" viewbox=\"0 0 512 512\"><path d=\"M0 256C0 114.6 114.6 0 256 0C397.4 0 512 114.6 512 256C512 397.4 397.4 512 256 512C114.6 512 0 397.4 0 256zM371.8 211.8C382.7 200.9 382.7 183.1 371.8 172.2C360.9 161.3 343.1 161.3 332.2 172.2L224 280.4L179.8 236.2C168.9 225.3 151.1 225.3 140.2 236.2C129.3 247.1 129.3 264.9 140.2 275.8L204.2 339.8C215.1 350.7 232.9 350.7 243.8 339.8L371.8 211.8z\"><\/path><\/svg><\/div><div class=\"uagb-ifb-title-wrap\"><h3 class=\"uagb-ifb-title\"><strong>Manual: Creation and Validation of a Dataset for the Detection of Cyberbullying in the Peruvian Spanish Language<\/strong><\/h3><\/div><p class=\"uagb-ifb-desc\">This manual addresses the linguistic challenges associated with creating data to address social problems in the LAC digital environment, particularly in Peruvian Spanish. It describes in detail the process of creating and validating a specific dataset for this task, facing the complexities of the regional language. In addition, it provides a thorough explanation of data pre-processing using natural language processing techniques to improve detection efficiency.<\/p><div class=\"uagb-ifb-button-wrapper wp-block-button\"><a href=\"https:\/\/ciberbullying.situada.online\/en\/proyecto\/manualcreacionyvalidaciondeundataset\/\" class=\"uagb-infobox-cta-link wp-block-button__link\" target=\"_self\" rel=\"noopener noreferrer\" onclick=\"return true;\" alt=\"\"><span class=\"uagb-inline-editing\">Read more<\/span><svg xmlns=\"https:\/\/www.w3.org\/2000\/svg\" viewbox=\"0 0 512 512\"><path d=\"M504.3 273.6l-112.1 104c-6.992 6.484-17.18 8.218-25.94 4.406c-8.758-3.812-14.42-12.45-14.42-21.1L351.9 288H32C14.33 288 .0002 273.7 .0002 255.1S14.33 224 32 224h319.9l0-72c0-9.547 5.66-18.19 14.42-22c8.754-3.809 18.95-2.075 25.94 4.41l112.1 104C514.6 247.9 514.6 264.1 504.3 273.6z\"><\/path><\/svg><\/a><\/div><\/div><\/div>\n<\/div>\n<\/div><\/div>\n\n\n\n<div class=\"wp-block-uagb-separator uagb-block-f5dc32ea\"><div class=\"wp-block-uagb-separator__inner\" style=\"--my-background-image:url(&quot;data:image\/svg+xml,%3Csvg width='16' height='16' viewBox='0 0 16 16' fill='none' xmlns='http:\/\/www.w3.org\/2000\/svg'%3E%3Cpath d='M6.29312 16.9999L17 6.29302M14.2931 16.9999L17 14.293M-0.707031 15.9999L16.0002 -0.707153M8.00017 -0.707153L-0.706882 7.9999' stroke='black'\/%3E%3C\/svg%3E&quot;)\"><\/div><\/div>\n\n\n\n<div class=\"wp-block-uagb-container uagb-block-29b272aa alignfull uagb-is-root-container\"><div class=\"uagb-container-inner-blocks-wrap\">\n<div class=\"wp-block-uagb-container uagb-block-56d0f1bb\">\n<div class=\"wp-block-uagb-info-box uagb-block-773eb894 uagb-infobox__content-wrap  uagb-infobox-icon-above-title uagb-infobox-image-valign-top\"><div class=\"uagb-ifb-content\"><div class=\"uagb-ifb-icon-wrap\"><svg xmlns=\"https:\/\/www.w3.org\/2000\/svg\" viewbox=\"0 0 512 512\"><path d=\"M0 256C0 114.6 114.6 0 256 0C397.4 0 512 114.6 512 256C512 397.4 397.4 512 256 512C114.6 512 0 397.4 0 256zM371.8 211.8C382.7 200.9 382.7 183.1 371.8 172.2C360.9 161.3 343.1 161.3 332.2 172.2L224 280.4L179.8 236.2C168.9 225.3 151.1 225.3 140.2 236.2C129.3 247.1 129.3 264.9 140.2 275.8L204.2 339.8C215.1 350.7 232.9 350.7 243.8 339.8L371.8 211.8z\"><\/path><\/svg><\/div><div class=\"uagb-ifb-title-wrap\"><h3 class=\"uagb-ifb-title\">General Objective<\/h3><\/div><p class=\"uagb-ifb-desc\">Create resources and evaluate machine learning models to contribute to improving cyberbullying detection in the LAC digital environment.<\/p><\/div><\/div>\n<\/div>\n\n\n\n<div class=\"wp-block-uagb-container uagb-block-bf21595e\">\n<div class=\"wp-block-uagb-info-box uagb-block-2093a026 uagb-infobox__content-wrap  uagb-infobox-icon-above-title uagb-infobox-image-valign-top\"><div class=\"uagb-ifb-content\"><div class=\"uagb-ifb-icon-wrap\"><svg xmlns=\"https:\/\/www.w3.org\/2000\/svg\" viewbox=\"0 0 512 512\"><path d=\"M0 256C0 114.6 114.6 0 256 0C397.4 0 512 114.6 512 256C512 397.4 397.4 512 256 512C114.6 512 0 397.4 0 256zM371.8 211.8C382.7 200.9 382.7 183.1 371.8 172.2C360.9 161.3 343.1 161.3 332.2 172.2L224 280.4L179.8 236.2C168.9 225.3 151.1 225.3 140.2 236.2C129.3 247.1 129.3 264.9 140.2 275.8L204.2 339.8C215.1 350.7 232.9 350.7 243.8 339.8L371.8 211.8z\"><\/path><\/svg><\/div><div class=\"uagb-ifb-title-wrap\"><h3 class=\"uagb-ifb-title\">Specific Objectives<\/h3><\/div><p class=\"uagb-ifb-desc\">1. Develop a detailed manual describing the process of creating and validating a specific dataset for cyberbullying detection in Peruvian Spanish, considering the linguistic and social complexities of the region.<br><br>2. Evaluate the performance of four machine learning models in cyberbullying detection on Twitter, using a dataset designed to adequately reflect the characteristics of language and online interactions in LAC.<br><br>3. Provide detailed results on the effectiveness of the evaluated models, highlighting their strengths and limitations. The aim is to inform and guide future research and intervention strategies on cyberbullying in the region.<\/p><\/div><\/div>\n<\/div>\n<\/div><\/div>\n\n\n\n<div class=\"wp-block-uagb-separator uagb-block-b1a51ca1\"><div class=\"wp-block-uagb-separator__inner\" style=\"--my-background-image:url(&quot;data:image\/svg+xml,%3Csvg width='16' height='16' viewBox='0 0 16 16' fill='none' xmlns='http:\/\/www.w3.org\/2000\/svg'%3E%3Cpath d='M6.29312 16.9999L17 6.29302M14.2931 16.9999L17 14.293M-0.707031 15.9999L16.0002 -0.707153M8.00017 -0.707153L-0.706882 7.9999' stroke='black'\/%3E%3C\/svg%3E&quot;)\"><\/div><\/div>\n\n\n\n<div class=\"wp-block-uagb-container uagb-block-b1df05cc alignfull uagb-is-root-container\"><div class=\"uagb-container-inner-blocks-wrap\">\n<div class=\"wp-block-uagb-advanced-heading uagb-block-87af2454\"><h2 class=\"uagb-heading-text\"><strong>Findings and Results Achieved<\/strong><\/h2><\/div>\n\n\n\n<div class=\"wp-block-uagb-container uagb-block-349e4544 alignfull uagb-is-root-container\"><div class=\"uagb-container-inner-blocks-wrap\">\n<div class=\"wp-block-uagb-container uagb-block-d246097d\">\n<div class=\"wp-block-uagb-advanced-heading uagb-block-0e478cff\"><h2 class=\"uagb-heading-text\"><strong>A Comparison of Classification Models to Detect Cyberbullying in the Peruvian Spanish Language on Twitter<\/strong><\/h2><\/div>\n\n\n\n<ul>\n<li>The study addressed the lack of research on cyberbullying in LAC, focusing on Peruvian Spanish and comparing four machine learning models for its detection on Twitter.<\/li>\n\n\n\n<li>The analyses revealed that machine learning models based on semantic representation outperformed those based on syntax, highlighting the importance of understanding the context and meaning of language in detecting cyberbullying.&nbsp;<\/li>\n\n\n\n<li>Exploring the impact of emoticons and jargon on cyberbullying detection opens new avenues for research and technological development. These considerations enrich our understanding of online behavior and guide the design of future tools and policies to address digital violence more effectively.<\/li>\n<\/ul>\n<\/div>\n\n\n\n<div class=\"wp-block-uagb-container uagb-block-11d0f39a\">\n<div class=\"wp-block-uagb-advanced-heading uagb-block-440b9748\"><h2 class=\"uagb-heading-text\"><strong>Manual: Creation and Validation of a Dataset for the Detection of Cyberbullying in the Peruvian Spanish Language<\/strong><\/h2><\/div>\n\n\n\n<ul>\n<li>A specific dataset was created for cyberbullying detection in Peruvian Spanish, representing a significant advance in the availability of resources to address this problem in LAC.<\/li>\n\n\n\n<li>The dataset's content underwent validation with the involvement of experts in the problem through a web application. This process guarantees the quality and relevance of the data used to train the models.<\/li>\n\n\n\n<li>The linguistic challenges specific to Peruvian Spanish were recognized, enabling the creation of a dataset that accurately captures the nuances of regional language and online interactions.<\/li>\n\n\n\n<li>Advanced natural language processing techniques were applied to pre-process the data, thus improving the effectiveness in identifying cyberbullying. This approach contributes to strengthening cyberbullying detection and prevention strategies in the region.<\/li>\n<\/ul>\n<\/div>\n<\/div><\/div>\n<\/div><\/div>\n\n\n\n<div class=\"wp-block-uagb-separator uagb-block-f2323c5f\"><div class=\"wp-block-uagb-separator__inner\" style=\"--my-background-image:url(&quot;data:image\/svg+xml,%3Csvg width='16' height='16' viewBox='0 0 16 16' fill='none' xmlns='http:\/\/www.w3.org\/2000\/svg'%3E%3Cpath d='M6.29312 16.9999L17 6.29302M14.2931 16.9999L17 14.293M-0.707031 15.9999L16.0002 -0.707153M8.00017 -0.707153L-0.706882 7.9999' stroke='black'\/%3E%3C\/svg%3E&quot;)\"><\/div><\/div>\n\n\n\n<div class=\"wp-block-uagb-container uagb-block-56dd12e9 alignfull uagb-is-root-container\"><div class=\"uagb-container-inner-blocks-wrap\">\n<div class=\"wp-block-uagb-advanced-heading uagb-block-3f37fe99\"><h2 class=\"uagb-heading-text\"><strong>Impact and Conclusions<\/strong><\/h2><\/div>\n\n\n\n<div class=\"wp-block-uagb-info-box uagb-block-a9043668 uagb-infobox__content-wrap  uagb-infobox-icon-above-title uagb-infobox-image-valign-top\"><div class=\"uagb-ifb-content\"><div class=\"uagb-ifb-title-wrap\"><\/div><p class=\"uagb-ifb-desc\">The findings of this research significantly impact the comprehension and response to cyberbullying within the LAC context.&nbsp;<br><br>The manual on creating and validating a specific dataset for cyberbullying detection in Peruvian Spanish provides a fundamental tool to address this problem in the region, overcoming linguistic challenges and facilitating more effective intervention strategies.&nbsp;<br><br>On the other hand, comparing machine learning models for detecting cyberbullying on Twitter highlights the importance of specific research for LAC, evidencing the effectiveness of these models and pointing out areas for improvement, such as considering emoticons and local slang.&nbsp;<br><br>Together, these projects contribute to a more holistic and culturally sensitive approach to tackling cyberbullying in the region, promoting digital safety for all.<\/p><\/div><\/div>\n\n\n\n<div class=\"wp-block-uagb-separator uagb-block-7332df82\"><div class=\"wp-block-uagb-separator__inner\" style=\"--my-background-image:\"><\/div><\/div>\n<\/div><\/div>","protected":false},"excerpt":{"rendered":"<p>Proyecto Antecedentes Hallazgos y Resultados Alcanzados Comparativa de Modelos de Machine Learning para la Detecci\u00f3n de Ciberbullying en Twitter en Espa\u00f1ol Peruano Manual: Creaci\u00f3n y Validaci\u00f3n de un Dataset para la Detecci\u00f3n de Ciberacoso en el idioma Espa\u00f1ol Peruano Impacto y Conclusiones<\/p>","protected":false},"author":1,"featured_media":0,"parent":0,"menu_order":0,"comment_status":"closed","ping_status":"closed","template":"","meta":{"_uag_custom_page_level_css":"","site-sidebar-layout":"no-sidebar","site-content-layout":"page-builder","ast-site-content-layout":"full-width-container","site-content-style":"unboxed","site-sidebar-style":"default","ast-global-header-display":"","ast-banner-title-visibility":"","ast-main-header-display":"","ast-hfb-above-header-display":"","ast-hfb-below-header-display":"","ast-hfb-mobile-header-display":"","site-post-title":"disabled","ast-breadcrumbs-content":"","ast-featured-img":"disabled","footer-sml-layout":"","theme-transparent-header-meta":"enabled","adv-header-id-meta":"","stick-header-meta":"","header-above-stick-meta":"","header-main-stick-meta":"","header-below-stick-meta":"","astra-migrate-meta-layouts":"set","ast-page-background-enabled":"default","ast-page-background-meta":{"desktop":{"background-color":"var(--ast-global-color-4)","background-image":"","background-repeat":"repeat","background-position":"center center","background-size":"auto","background-attachment":"scroll","background-type":"","background-media":"","overlay-type":"","overlay-color":"","overlay-gradient":""},"tablet":{"background-color":"","background-image":"","background-repeat":"repeat","background-position":"center center","background-size":"auto","background-attachment":"scroll","background-type":"","background-media":"","overlay-type":"","overlay-color":"","overlay-gradient":""},"mobile":{"background-color":"","background-image":"","background-repeat":"repeat","background-position":"center center","background-size":"auto","background-attachment":"scroll","background-type":"","background-media":"","overlay-type":"","overlay-color":"","overlay-gradient":""}},"ast-content-background-meta":{"desktop":{"background-color":"var(--ast-global-color-5)","background-image":"","background-repeat":"repeat","background-position":"center center","background-size":"auto","background-attachment":"scroll","background-type":"","background-media":"","overlay-type":"","overlay-color":"","overlay-gradient":""},"tablet":{"background-color":"var(--ast-global-color-5)","background-image":"","background-repeat":"repeat","background-position":"center center","background-size":"auto","background-attachment":"scroll","background-type":"","background-media":"","overlay-type":"","overlay-color":"","overlay-gradient":""},"mobile":{"background-color":"var(--ast-global-color-5)","background-image":"","background-repeat":"repeat","background-position":"center center","background-size":"auto","background-attachment":"scroll","background-type":"","background-media":"","overlay-type":"","overlay-color":"","overlay-gradient":""}},"footnotes":""},"uagb_featured_image_src":{"full":false,"thumbnail":false,"medium":false,"medium_large":false,"large":false,"1536x1536":false,"2048x2048":false,"trp-custom-language-flag":false},"uagb_author_info":{"display_name":"ximenamar04","author_link":"https:\/\/ciberbullying.situada.online\/en\/author\/ximenamar04\/"},"uagb_comment_info":0,"uagb_excerpt":"Proyecto Antecedentes Hallazgos y Resultados Alcanzados Comparativa de Modelos de Machine Learning para la Detecci\u00f3n de Ciberbullying en Twitter en Espa\u00f1ol Peruano Manual: Creaci\u00f3n y Validaci\u00f3n de un Dataset para la Detecci\u00f3n de Ciberacoso en el idioma Espa\u00f1ol Peruano Impacto y Conclusiones","_links":{"self":[{"href":"https:\/\/ciberbullying.situada.online\/en\/wp-json\/wp\/v2\/pages\/1324"}],"collection":[{"href":"https:\/\/ciberbullying.situada.online\/en\/wp-json\/wp\/v2\/pages"}],"about":[{"href":"https:\/\/ciberbullying.situada.online\/en\/wp-json\/wp\/v2\/types\/page"}],"author":[{"embeddable":true,"href":"https:\/\/ciberbullying.situada.online\/en\/wp-json\/wp\/v2\/users\/1"}],"replies":[{"embeddable":true,"href":"https:\/\/ciberbullying.situada.online\/en\/wp-json\/wp\/v2\/comments?post=1324"}],"version-history":[{"count":33,"href":"https:\/\/ciberbullying.situada.online\/en\/wp-json\/wp\/v2\/pages\/1324\/revisions"}],"predecessor-version":[{"id":1974,"href":"https:\/\/ciberbullying.situada.online\/en\/wp-json\/wp\/v2\/pages\/1324\/revisions\/1974"}],"wp:attachment":[{"href":"https:\/\/ciberbullying.situada.online\/en\/wp-json\/wp\/v2\/media?parent=1324"}],"curies":[{"name":"wp","href":"https:\/\/api.w.org\/{rel}","templated":true}]}}